{"id":2601,"date":"2014-10-24T06:11:19","date_gmt":"2014-10-24T06:11:19","guid":{"rendered":"http:\/\/www.brandexponents.com\/oshin\/v6\/?page_id=2601"},"modified":"2026-02-06T17:26:14","modified_gmt":"2026-02-06T15:26:14","slug":"about","status":"publish","type":"page","link":"https:\/\/www.and-advertising.sk\/new\/about\/","title":{"rendered":"About"},"content":{"rendered":"<div  class=\"tatsu-fqox8db2qt4tmbcs tatsu-section  tatsu-parallax   tatsu-clearfix\" data-title=\"\"  data-headerscheme=\"background--light\"><div class='tatsu-section-pad clearfix' data-padding='{\"d\":\"0px 0% 0px 0%\"}' data-padding-top='0px'><div class=\"tatsu-row-wrap  tatsu-row-full-width tatsu-row-one-col tatsu-row-has-one-cols tatsu-zero-margin tatsu-medium-gutter tatsu-reg-cols  tatsu-clearfix tatsu-fqox8db2r5d9pmyj\" ><div  class=\"tatsu-row \" ><div  class=\"tatsu-column  tatsu-column-no-bg tatsu-one-col tatsu-column-image-none tatsu-column-effect-none  tatsu-fqox8db2redp064j\"  data-parallax-speed=\"0\" style=\"\"><div class=\"tatsu-column-inner \" ><div class=\"tatsu-column-pad-wrap\"><div class=\"tatsu-column-pad\" ><div  class=\"tatsu-module tatsu-text-block-wrap tatsu-H100pAMXI  \"><div class=\"tatsu-text-inner tatsu-align-center  clearfix\" ><style>.tatsu-H100pAMXI.tatsu-text-block-wrap .tatsu-text-inner{width: 100%;text-align: center;background-color: rgba(245,166,35,1);padding: 40px 0px 0px 0px;}.tatsu-H100pAMXI.tatsu-text-block-wrap{margin: 0px 0px 0px 0px;}<\/style>\n<h3 style=\"text-align: center;\"><span style=\"font-size: 40pt;\"><strong><span style=\"color: #ffffff;\">AND advertising<\/span><\/strong><\/span><\/h3>\n<\/div><\/div><div  class=\"tatsu-module tatsu-text-block-wrap tatsu-rkK40AMm8  \"><div class=\"tatsu-text-inner tatsu-align-center  clearfix\" ><style>.tatsu-rkK40AMm8.tatsu-text-block-wrap .tatsu-text-inner{width: 100%;text-align: center;background-color: rgba(245,166,35,1);padding: 0px 0px 35px 0px;}.tatsu-rkK40AMm8.tatsu-text-block-wrap{margin: 0px 0px 0px 0px;}<\/style>\n<h4 style=\"text-align: center;\">Milo\u0161 Prekop \u00a0\u00a0<span style=\"color: #ffffff; font-size: 24pt;\"><strong>&#038;<\/strong><\/span>\u00a0 \u00a0Daniel Mi\u0161tina<\/h4>\n<\/div><\/div><div  class=\"tatsu-module tatsu-text-block-wrap tatsu-rJMCMraG7L  \"><div class=\"tatsu-text-inner tatsu-align-center  clearfix\" ><style>.tatsu-rJMCMraG7L.tatsu-text-block-wrap .tatsu-text-inner{width: 87%;text-align: center;padding: 35px 20px 37px 20px;}.tatsu-rJMCMraG7L.tatsu-text-block-wrap{margin: 0px 0px 0px 0px;}<\/style>\n<h1>31 YEARS OF EXPERIENCE<\/h1>\n<\/div><\/div><div  class=\"tatsu-module tatsu-normal-button tatsu-button-wrap align-block block-center  tatsu-S1G_xRzQU   \"><a class=\"tatsu-shortcode mediumbtn tatsu-button left-icon rounded   bg-animation-none  \" href=\"https:\/\/www.and-advertising.sk\/new\/portfolio\/\" style= \"\"  aria-label=\"OUR WORKS\" data-gdpr-atts={} >OUR WORKS<\/a><style>.tatsu-S1G_xRzQU .tatsu-button{background-color: rgba(255,165,0,1);color: #ffffff ;}.tatsu-S1G_xRzQU .tatsu-button:hover{background-color: rgba(3,48,99,1);}.tatsu-S1G_xRzQU.tatsu-normal-button{margin: 0px 0px 30px 0px;}<\/style><\/div><div  class=\"tatsu-module tatsu-text-block-wrap tatsu-H1Lrv-7d6  \"><div class=\"tatsu-text-inner tatsu-align-center  clearfix\" ><style>.tatsu-H1Lrv-7d6.tatsu-text-block-wrap .tatsu-text-inner{width: 88%;text-align: center;padding: 0px 0px 30px 0px;}.tatsu-H1Lrv-7d6.tatsu-text-block-wrap{margin: 0px 0px 0px 0px;}<\/style>\n<p style=\"text-align: center;\"><strong><span class=\"swatch-orange\" style=\"font-size: 24px; line-height: 38px; color: #f5a623;\">AND \u00a0&#8211; \u00a0ADVERTISING AGENCY &#8211;\u00a0<\/span><\/strong><span class=\"swatch-orange\" style=\"font-size: 24px; line-height: 38px; color: #f5a623;\">REKLAMA Trnava \u00a0<\/span><\/p>\n<p style=\"text-align: center;\"><span class=\"swatch-orange\" style=\"font-size: 24px; line-height: 38px; color: #f5a623;\"> \u00a0Milo\u0161 PREKOP <strong>AND<\/strong>\u00a0Daniel MI\u0160TINA<\/span><\/p>\n<p style=\"text-align: center;\"><span style=\"color: #000000;\"><span style=\"font-size: 16px; line-height: 38px;\">GRAPHIC DESIGN \/ BROCHURES \/ CALENDAR \/ BRANDING \/ LOGO \/ NEWSPAPER ADVERTISING \/ <\/span><span style=\"font-size: 16px; line-height: 38px;\">PUBLISHER \/ WEB DESIGN \/ PF \/ \u00a0<\/span><span style=\"font-size: 16px; line-height: 38px;\">PHOTOGRAPHY \/ PPC ONLINE<\/span><\/span><\/p>\n<p style=\"text-align: center;\"><span class=\"swatch-orange\"><strong><span style=\"font-size: 24px; line-height: 38px; color: #f5a623;\">31 YEARS OF EXPERIENCE<\/span><\/strong><\/span><\/p>\n<p><span style=\"color: #000000;\">AND is an advertising agency based in Trnava with 31 years of experience in creating integrated advertising campaigns. We offer knowledge and expertise in through-the-line advertising, promotion and internet advertising, creating and delivering campaign solutions that are intrusive, informative, persuasive, responsive\u2026 and generate results!<\/span><\/p>\n<p style=\"text-align: center;\"><span class=\"swatch-orange\"><strong><span style=\"font-size: 16px; line-height: 38px; color: #f5a623;\">AND &#8211; ADVERTISING AGENCY \/ <\/span><\/strong><span style=\"font-size: 16px; line-height: 38px; color: #f5a623;\">Reklamn\u00e1 agent\u00fara Milo\u0161 Prekop <strong>AND<\/strong>\u00a0Daniel Mi\u0161tina \u00a0<br \/><\/span><\/span><span class=\"swatch-orange\"><strong><span style=\"font-size: 16px; line-height: 38px; color: #f5a623;\">has been working for or with following clients:<\/span><\/strong><\/span><\/p>\n<p><span style=\"color: #000000;\">Adamec &amp; Adamec, Advanced Advertising, Advers, Albedo, Amaltea. Ambrozia, Amylum, ARTIS OMNIS, ASEP, BASIC, BEGAM, BEZAP. Calendula, CEWE, Climatherm, Complet interier, Din Technik. Dolphin, EDB. Elektromax, Elementa, Empire Hotel, ENGO, EQUS, ES Trade, EuroFin. Europapier, EuroRSCG, Eurotel, F\u00e9e, GJK Trnava, Glaxo Wellcome. Grunsteidl, Harmony, HKS FORGE, Honeywell, Chemolak, Chirana, Immo Bank, IMPIQ Hotel, IN TIME. Interpress, IPEC, JES Group, KOLOS, Lambda Life, Letra, Lucid Light. Ludvik, Luna Garden, LUXURY DESIGN, MarkBBDO, Max, Meda. Menzolit Fibron, Mercato D\u2019Italia, Mercato SK, Mesto Trnava, Mikona, MMI, Materi\u00e1lovo technologick\u00e1 fakulta STU, MTG Pneu, NeoReal. Nova Interi\u00e9r, Obec Jaslovsk\u00e9 Bohunice, OTIS,<\/span> <span style=\"color: #000000;\">OXFORD FRUIT COMPANY LTD, OZ Iskierka, Panatela, Panta Rhei, Partner Film, Personal Servis, PLUS+, Poldrasco, Polytec Composites, Po\u0161tov\u00e1 banka, Pozagas. Prominens, Q100, Ranako, Rent Netvance \u00d6sterreich, Rie\u0161ime b\u00fdvanie, Rigips, S.Med. Shell, Schwarz Gegen Grau, Slovakofarma, Slovensk\u00e1 technick\u00e1 univerzita v Bratislave. S\u0139UK, Soci\u00e1lna Pois\u0165ov\u0148a, Solid System, Spolo\u010dnos\u0165 Je\u017ei\u0161ova, Steman, ST-Real, STEFE Trnava.\u00a0\u0160tudijn\u00e9 centrum BASIC,\u00a0SUPRATEK, TANEX, TC Sl\u00e1via, Transped, Trnava Tourism, Truck Service, Trnavsk\u00fd samospr\u00e1vny kraj, Trufle Farm, TT FIN, TT Garant, TT Motor, TT-CAR, TT-Komfort, Unim LH,\u00a0Univerzita sv. Cyrila a Metoda v Trnave,\u00a0UPS, Vaculik Advertising, Vazex, VINIDI. V\u00edno Nitra, VUC Trnava, VULM Modra, ZF Sachs Slovakia, Z\u00e1padoslovensk\u00e9 m\u00fazeum v Trnave, Zdru\u017eenie V\u00fdtvarn\u00fdch umelcov Slovenska, \u017dOS<\/span><\/p>\n<\/div><\/div><\/div><\/div><div class = \"tatsu-column-bg-image-wrap\"><div class = \"tatsu-column-bg-image\" ><\/div><\/div><\/div><style>.tatsu-row > .tatsu-fqox8db2redp064j.tatsu-column{width: 100%;}.tatsu-fqox8db2redp064j.tatsu-column > .tatsu-column-inner > .tatsu-column-overlay{mix-blend-mode: none;}.tatsu-fqox8db2redp064j > .tatsu-column-inner > .tatsu-top-divider{z-index: 9999;}.tatsu-fqox8db2redp064j > .tatsu-column-inner > .tatsu-bottom-divider{z-index: 9999;}.tatsu-fqox8db2redp064j > .tatsu-column-inner > .tatsu-left-divider{z-index: 9999;}.tatsu-fqox8db2redp064j > .tatsu-column-inner > .tatsu-right-divider{z-index: 9999;}<\/style><\/div><\/div><\/div><\/div><div class=\"tatsu-section-background-wrap\"><div class = \"tatsu-section-background\" ><\/div><\/div><style>.tatsu-fqox8db2qt4tmbcs{border-width: 0px 0px px 0px;border-style: solid;}.tatsu-fqox8db2qt4tmbcs .tatsu-section-pad{padding: 0px 0% 0px 0%;}.tatsu-fqox8db2qt4tmbcs > .tatsu-bottom-divider{z-index: 9999;}.tatsu-fqox8db2qt4tmbcs > .tatsu-top-divider{z-index: 9999;}<\/style><\/div><div  class=\"tatsu-fqox8db3rzfcgb1f tatsu-section    tatsu-clearfix\" data-title=\"\"  data-headerscheme=\"background--light\"><div class='tatsu-section-pad clearfix' data-padding='{\"d\":\"30px 0% 30px 0%\"}' data-padding-top='30px'><div class=\"tatsu-row-wrap  tatsu-wrap tatsu-row-one-col tatsu-row-has-one-cols tatsu-medium-gutter tatsu-reg-cols  tatsu-clearfix tatsu-fqox8db3scenn5fz\" ><div  class=\"tatsu-row \" ><div  class=\"tatsu-column  tatsu-column-no-bg tatsu-one-col tatsu-column-image-none tatsu-column-effect-none  tatsu-fqox8db3sh5s91hh\"  data-parallax-speed=\"0\" style=\"\"><div class=\"tatsu-column-inner \" ><div class=\"tatsu-column-pad-wrap\"><div class=\"tatsu-column-pad\" ><div  class=\"carousel-wrap oshine-module clearfix  tatsu-fqox8db3sn71e7au  \"  ><ul class=\"be-owl-carousel client-carousel-module\" data-slide-show=\"1\" data-slide-navigation-dots=\"0\" data-slide-show-speed=\"50\"><li  class=\"carousel-item client-carousel-item c_to_c  tatsu-fqox8db3st5gcw4i  \"  ><a href=\"#\" ><img decoding=\"async\" src=\"https:\/\/www.and-advertising.sk\/new\/wp-content\/uploads\/2019\/10\/SPS-logo.png\" alt=\"\" \/><\/a><\/li><li  class=\"carousel-item client-carousel-item c_to_c  tatsu-fqox8db3vz901pie  \"  ><a href=\"#\" ><img decoding=\"async\" src=\"https:\/\/www.and-advertising.sk\/new\/wp-content\/uploads\/2019\/10\/IN-TIME-logo.png\" alt=\"\" \/><\/a><\/li><li  class=\"carousel-item client-carousel-item c_to_c  tatsu-fqox8db42a18h7z4  \"  ><a href=\"#\" ><img decoding=\"async\" src=\"https:\/\/www.and-advertising.sk\/new\/wp-content\/uploads\/2019\/10\/MTF.png\" alt=\"\" \/><\/a><\/li><li  class=\"carousel-item client-carousel-item c_to_c  tatsu-fqox8db45pdagtcg  \"  ><a href=\"#\" ><img decoding=\"async\" src=\"https:\/\/www.and-advertising.sk\/new\/wp-content\/uploads\/2019\/10\/Trnava.png\" alt=\"\" \/><\/a><\/li><li  class=\"carousel-item client-carousel-item c_to_c  tatsu-r1pbgmmKr  \"  ><a href=\"#\" target=\"_blank\"><img decoding=\"async\" src=\"https:\/\/www.and-advertising.sk\/new\/wp-content\/uploads\/2019\/10\/shell.png\" alt=\"\" \/><\/a><\/li><li  class=\"carousel-item client-carousel-item c_to_c  tatsu-fqox8db3za5jk3rk  \"  ><a href=\"#\" ><img decoding=\"async\" src=\"https:\/\/www.and-advertising.sk\/new\/wp-content\/uploads\/2019\/10\/stefe.png\" alt=\"\" \/><\/a><\/li><li  class=\"carousel-item client-carousel-item c_to_c  tatsu-H17USQXYr  \"  ><a href=\"#\" target=\"_blank\"><img decoding=\"async\" src=\"https:\/\/www.and-advertising.sk\/new\/wp-content\/uploads\/2019\/10\/trufle-farm.png\" alt=\"\" \/><\/a><\/li><li  class=\"carousel-item client-carousel-item c_to_c  tatsu-rkpRzQ7tS  \"  ><a href=\"#\" target=\"_blank\"><img decoding=\"async\" src=\"https:\/\/www.and-advertising.sk\/new\/wp-content\/uploads\/2019\/10\/sypka.png\" alt=\"\" \/><\/a><\/li><li  class=\"carousel-item client-carousel-item c_to_c  tatsu-SJQA8XmYS  \"  ><a href=\"#\" target=\"_blank\"><img decoding=\"async\" src=\"https:\/\/www.and-advertising.sk\/new\/wp-content\/uploads\/2019\/10\/mercato-sk.png\" alt=\"\" \/><\/a><\/li><li  class=\"carousel-item client-carousel-item c_to_c  tatsu-B1bdPmQFS  \"  ><a href=\"#\" target=\"_blank\"><img decoding=\"async\" src=\"https:\/\/www.and-advertising.sk\/new\/wp-content\/uploads\/2019\/10\/zf.png\" alt=\"\" \/><\/a><\/li><li  class=\"carousel-item client-carousel-item c_to_c  tatsu-H1Vf_mXYH  \"  ><a href=\"#\" target=\"_blank\"><img decoding=\"async\" src=\"https:\/\/www.and-advertising.sk\/new\/wp-content\/uploads\/2019\/10\/tt-sk.png\" alt=\"\" \/><\/a><\/li><li  class=\"carousel-item client-carousel-item c_to_c  tatsu-BymEFNXYr  \"  ><a href=\"#\" target=\"_blank\"><img decoding=\"async\" src=\"https:\/\/www.and-advertising.sk\/new\/wp-content\/uploads\/2019\/10\/UCM.png\" alt=\"\" \/><\/a><\/li><\/ul><\/div><\/div><\/div><div class = \"tatsu-column-bg-image-wrap\"><div class = \"tatsu-column-bg-image\" ><\/div><\/div><\/div><style>.tatsu-row > .tatsu-fqox8db3sh5s91hh.tatsu-column{width: 100%;}.tatsu-fqox8db3sh5s91hh.tatsu-column > .tatsu-column-inner > .tatsu-column-overlay{mix-blend-mode: none;}.tatsu-fqox8db3sh5s91hh > .tatsu-column-inner > .tatsu-top-divider{z-index: 9999;}.tatsu-fqox8db3sh5s91hh > .tatsu-column-inner > .tatsu-bottom-divider{z-index: 9999;}.tatsu-fqox8db3sh5s91hh > .tatsu-column-inner > .tatsu-left-divider{z-index: 9999;}.tatsu-fqox8db3sh5s91hh > .tatsu-column-inner > .tatsu-right-divider{z-index: 9999;}<\/style><\/div><\/div><\/div><\/div><div class=\"tatsu-section-background-wrap\"><div class = \"tatsu-section-background\" ><\/div><\/div><style>.tatsu-fqox8db3rzfcgb1f.tatsu-section{background-color: rgba(255,165,0,1);}.tatsu-fqox8db3rzfcgb1f{border-width: 0px 0px px 0px;border-style: solid;}.tatsu-fqox8db3rzfcgb1f .tatsu-section-pad{padding: 30px 0% 30px 0%;}.tatsu-fqox8db3rzfcgb1f > .tatsu-bottom-divider{z-index: 9999;}.tatsu-fqox8db3rzfcgb1f > .tatsu-top-divider{z-index: 9999;}<\/style><\/div>\n","protected":false},"excerpt":{"rendered":"<p><a href=\"https:\/\/www.and-advertising.sk\/new\/about\/\" class=\"more-link style1-button\">Read More<\/a><\/p>","protected":false},"author":2,"featured_media":0,"parent":0,"menu_order":0,"comment_status":"open","ping_status":"closed","template":"","meta":{"footnotes":""},"class_list":["post-2601","page","type-page","status-publish","hentry"],"_links":{"self":[{"href":"https:\/\/www.and-advertising.sk\/new\/wp-json\/wp\/v2\/pages\/2601","targetHints":{"allow":["GET"]}}],"collection":[{"href":"https:\/\/www.and-advertising.sk\/new\/wp-json\/wp\/v2\/pages"}],"about":[{"href":"https:\/\/www.and-advertising.sk\/new\/wp-json\/wp\/v2\/types\/page"}],"author":[{"embeddable":true,"href":"https:\/\/www.and-advertising.sk\/new\/wp-json\/wp\/v2\/users\/2"}],"replies":[{"embeddable":true,"href":"https:\/\/www.and-advertising.sk\/new\/wp-json\/wp\/v2\/comments?post=2601"}],"version-history":[{"count":155,"href":"https:\/\/www.and-advertising.sk\/new\/wp-json\/wp\/v2\/pages\/2601\/revisions"}],"predecessor-version":[{"id":4331,"href":"https:\/\/www.and-advertising.sk\/new\/wp-json\/wp\/v2\/pages\/2601\/revisions\/4331"}],"wp:attachment":[{"href":"https:\/\/www.and-advertising.sk\/new\/wp-json\/wp\/v2\/media?parent=2601"}],"curies":[{"name":"wp","href":"https:\/\/api.w.org\/{rel}","templated":true}]}}